{"id":7,"date":"2022-06-23T17:34:17","date_gmt":"2022-06-23T15:34:17","guid":{"rendered":"http:\/\/lepetitgamer.fr\/?page_id=7"},"modified":"2022-06-23T17:34:17","modified_gmt":"2022-06-23T15:34:17","slug":"contact","status":"publish","type":"page","link":"https:\/\/lepetitgamer.fr\/index.php\/contact\/","title":{"rendered":"Contact"},"content":{"rendered":"\n<p>C\u2019est une page avec des informations de contact de base, comme l\u2019adresse et le num\u00e9ro de t\u00e9l\u00e9phone. Vous pouvez aussi essayer une extension pour ajouter un formulaire de contact.<\/p>\n","protected":false},"excerpt":{"rendered":"<p>C\u2019est une page avec des informations de contact de base, comme l\u2019adresse et le num\u00e9ro de t\u00e9l\u00e9phone. Vous pouvez aussi essayer une extension pour ajouter un formulaire de contact.<\/p>\n","protected":false},"author":1,"featured_media":0,"parent":0,"menu_order":0,"comment_status":"closed","ping_status":"closed","template":"","meta":{"footnotes":""},"class_list":["post-7","page","type-page","status-publish","hentry","entry"],"yoast_head":"<!-- This site is optimized with the Yoast SEO plugin v20.4 - https:\/\/yoast.com\/wordpress\/plugins\/seo\/ -->\n<title>Contact - Le petit GAMER<\/title>\n<meta name=\"robots\" content=\"index, follow, max-snippet:-1, max-image-preview:large, max-video-preview:-1\" \/>\n<link rel=\"canonical\" href=\"http:\/\/lepetitgamer.fr\/index.php\/contact\/\" \/>\n<meta property=\"og:locale\" content=\"en_US\" \/>\n<meta property=\"og:type\" content=\"article\" \/>\n<meta property=\"og:title\" content=\"Contact - Le petit GAMER\" \/>\n<meta property=\"og:description\" content=\"C\u2019est une page avec des informations de contact de base, comme l\u2019adresse et le num\u00e9ro de t\u00e9l\u00e9phone. Vous pouvez aussi essayer une extension pour ajouter un formulaire de contact.\" \/>\n<meta property=\"og:url\" content=\"http:\/\/lepetitgamer.fr\/index.php\/contact\/\" \/>\n<meta property=\"og:site_name\" content=\"Le petit GAMER\" \/>\n<meta name=\"twitter:card\" content=\"summary_large_image\" \/>\n<script type=\"application\/ld+json\" class=\"yoast-schema-graph\">{\"@context\":\"https:\/\/schema.org\",\"@graph\":[{\"@type\":\"WebPage\",\"@id\":\"http:\/\/lepetitgamer.fr\/index.php\/contact\/\",\"url\":\"http:\/\/lepetitgamer.fr\/index.php\/contact\/\",\"name\":\"Contact - Le petit GAMER\",\"isPartOf\":{\"@id\":\"http:\/\/lepetitgamer.fr\/#website\"},\"datePublished\":\"2022-06-23T15:34:17+00:00\",\"dateModified\":\"2022-06-23T15:34:17+00:00\",\"breadcrumb\":{\"@id\":\"http:\/\/lepetitgamer.fr\/index.php\/contact\/#breadcrumb\"},\"inLanguage\":\"en-US\",\"potentialAction\":[{\"@type\":\"ReadAction\",\"target\":[\"http:\/\/lepetitgamer.fr\/index.php\/contact\/\"]}]},{\"@type\":\"BreadcrumbList\",\"@id\":\"http:\/\/lepetitgamer.fr\/index.php\/contact\/#breadcrumb\",\"itemListElement\":[{\"@type\":\"ListItem\",\"position\":1,\"name\":\"Accueil\",\"item\":\"http:\/\/lepetitgamer.fr\/\"},{\"@type\":\"ListItem\",\"position\":2,\"name\":\"Contact\"}]},{\"@type\":\"WebSite\",\"@id\":\"http:\/\/lepetitgamer.fr\/#website\",\"url\":\"http:\/\/lepetitgamer.fr\/\",\"name\":\"Le petit GAMER\",\"description\":\"Petit gamer mais grand glitcher\",\"potentialAction\":[{\"@type\":\"SearchAction\",\"target\":{\"@type\":\"EntryPoint\",\"urlTemplate\":\"http:\/\/lepetitgamer.fr\/?s={search_term_string}\"},\"query-input\":\"required name=search_term_string\"}],\"inLanguage\":\"en-US\"}]}<\/script>\n<!-- \/ Yoast SEO plugin. -->","yoast_head_json":{"title":"Contact - Le petit GAMER","robots":{"index":"index","follow":"follow","max-snippet":"max-snippet:-1","max-image-preview":"max-image-preview:large","max-video-preview":"max-video-preview:-1"},"canonical":"http:\/\/lepetitgamer.fr\/index.php\/contact\/","og_locale":"en_US","og_type":"article","og_title":"Contact - Le petit GAMER","og_description":"C\u2019est une page avec des informations de contact de base, comme l\u2019adresse et le num\u00e9ro de t\u00e9l\u00e9phone. Vous pouvez aussi essayer une extension pour ajouter un formulaire de contact.","og_url":"http:\/\/lepetitgamer.fr\/index.php\/contact\/","og_site_name":"Le petit GAMER","twitter_card":"summary_large_image","schema":{"@context":"https:\/\/schema.org","@graph":[{"@type":"WebPage","@id":"http:\/\/lepetitgamer.fr\/index.php\/contact\/","url":"http:\/\/lepetitgamer.fr\/index.php\/contact\/","name":"Contact - Le petit GAMER","isPartOf":{"@id":"http:\/\/lepetitgamer.fr\/#website"},"datePublished":"2022-06-23T15:34:17+00:00","dateModified":"2022-06-23T15:34:17+00:00","breadcrumb":{"@id":"http:\/\/lepetitgamer.fr\/index.php\/contact\/#breadcrumb"},"inLanguage":"en-US","potentialAction":[{"@type":"ReadAction","target":["http:\/\/lepetitgamer.fr\/index.php\/contact\/"]}]},{"@type":"BreadcrumbList","@id":"http:\/\/lepetitgamer.fr\/index.php\/contact\/#breadcrumb","itemListElement":[{"@type":"ListItem","position":1,"name":"Accueil","item":"http:\/\/lepetitgamer.fr\/"},{"@type":"ListItem","position":2,"name":"Contact"}]},{"@type":"WebSite","@id":"http:\/\/lepetitgamer.fr\/#website","url":"http:\/\/lepetitgamer.fr\/","name":"Le petit GAMER","description":"Petit gamer mais grand glitcher","potentialAction":[{"@type":"SearchAction","target":{"@type":"EntryPoint","urlTemplate":"http:\/\/lepetitgamer.fr\/?s={search_term_string}"},"query-input":"required name=search_term_string"}],"inLanguage":"en-US"}]}},"_links":{"self":[{"href":"https:\/\/lepetitgamer.fr\/index.php\/wp-json\/wp\/v2\/pages\/7","targetHints":{"allow":["GET"]}}],"collection":[{"href":"https:\/\/lepetitgamer.fr\/index.php\/wp-json\/wp\/v2\/pages"}],"about":[{"href":"https:\/\/lepetitgamer.fr\/index.php\/wp-json\/wp\/v2\/types\/page"}],"author":[{"embeddable":true,"href":"https:\/\/lepetitgamer.fr\/index.php\/wp-json\/wp\/v2\/users\/1"}],"replies":[{"embeddable":true,"href":"https:\/\/lepetitgamer.fr\/index.php\/wp-json\/wp\/v2\/comments?post=7"}],"version-history":[{"count":1,"href":"https:\/\/lepetitgamer.fr\/index.php\/wp-json\/wp\/v2\/pages\/7\/revisions"}],"predecessor-version":[{"id":12,"href":"https:\/\/lepetitgamer.fr\/index.php\/wp-json\/wp\/v2\/pages\/7\/revisions\/12"}],"wp:attachment":[{"href":"https:\/\/lepetitgamer.fr\/index.php\/wp-json\/wp\/v2\/media?parent=7"}],"curies":[{"name":"wp","href":"https:\/\/api.w.org\/{rel}","templated":true}]}}