{"id":5,"date":"2022-06-23T17:34:17","date_gmt":"2022-06-23T15:34:17","guid":{"rendered":"http:\/\/lepetitgamer.fr\/?page_id=5"},"modified":"2022-07-31T13:54:58","modified_gmt":"2022-07-31T11:54:58","slug":"creez-votre-site-avec-des-blocs","status":"publish","type":"page","link":"https:\/\/lepetitgamer.fr\/","title":{"rendered":"LE PETIT GAMER"},"content":{"rendered":"\n<h2 class=\"has-text-align-center wp-block-heading\">LE PETIT GAMER<\/h2>\n\n\n\n<div class=\"wp-block-media-text alignwide is-stacked-on-mobile\"><figure class=\"wp-block-media-text__media\"><img loading=\"lazy\" decoding=\"async\" width=\"225\" height=\"225\" src=\"http:\/\/lepetitgamer.fr\/wp-content\/uploads\/2022\/07\/image.png\" alt=\"\" class=\"wp-image-56 size-full\" srcset=\"https:\/\/lepetitgamer.fr\/wp-content\/uploads\/2022\/07\/image.png 225w, https:\/\/lepetitgamer.fr\/wp-content\/uploads\/2022\/07\/image-150x150.png 150w\" sizes=\"auto, (max-width: 225px) 100vw, 225px\" \/><\/figure><div class=\"wp-block-media-text__content\">\n<h2 class=\"wp-block-heading\">LE PETIT GAMER<\/h2>\n\n\n\n<p>Tous les actu, glitch de mes jeux pr\u00e9f\u00e9r\u00e9s :<\/p>\n\n\n\n<p>Zelda breath of the Wild<\/p>\n\n\n\n<p>Fortnite<\/p>\n<\/div><\/div>\n\n\n\n<div class=\"wp-block-columns is-layout-flex wp-container-core-columns-is-layout-9d6595d7 wp-block-columns-is-layout-flex\">\n<div class=\"wp-block-column is-layout-flow wp-block-column-is-layout-flow\">\n<figure class=\"wp-block-gallery has-nested-images columns-default is-cropped wp-block-gallery-1 is-layout-flex wp-block-gallery-is-layout-flex\">\n<figure class=\"wp-block-image size-full is-style-default\"><img loading=\"lazy\" decoding=\"async\" width=\"300\" height=\"168\" data-id=\"61\" src=\"http:\/\/lepetitgamer.fr\/wp-content\/uploads\/2022\/07\/telechargement-6.jpg\" alt=\"\" class=\"wp-image-61\"\/><figcaption><a href=\"http:\/\/lepetitgamer.fr\/index.php\/glitch-zelda\/\">Glitch Zelda Breath of the wild<\/a><\/figcaption><\/figure>\n<\/figure>\n<\/div>\n\n\n\n<div class=\"wp-block-column is-layout-flow wp-block-column-is-layout-flow\"><\/div>\n<\/div>\n","protected":false},"excerpt":{"rendered":"<p>LE PETIT GAMER LE PETIT GAMER Tous les actu, glitch de mes jeux pr\u00e9f\u00e9r\u00e9s : Zelda breath of the Wild Fortnite<\/p>\n","protected":false},"author":1,"featured_media":0,"parent":0,"menu_order":0,"comment_status":"closed","ping_status":"closed","template":"","meta":{"footnotes":""},"class_list":["post-5","page","type-page","status-publish","hentry","entry"],"yoast_head":"<!-- This site is optimized with the Yoast SEO plugin v20.4 - https:\/\/yoast.com\/wordpress\/plugins\/seo\/ -->\n<title>LE PETIT GAMER - Le petit GAMER<\/title>\n<meta name=\"robots\" content=\"index, follow, max-snippet:-1, max-image-preview:large, max-video-preview:-1\" \/>\n<link rel=\"canonical\" href=\"http:\/\/lepetitgamer.fr\/\" \/>\n<meta property=\"og:locale\" content=\"en_US\" \/>\n<meta property=\"og:type\" content=\"article\" \/>\n<meta property=\"og:title\" content=\"LE PETIT GAMER - Le petit GAMER\" \/>\n<meta property=\"og:description\" content=\"LE PETIT GAMER LE PETIT GAMER Tous les actu, glitch de mes jeux pr\u00e9f\u00e9r\u00e9s : Zelda breath of the Wild Fortnite\" \/>\n<meta property=\"og:url\" content=\"http:\/\/lepetitgamer.fr\/\" \/>\n<meta property=\"og:site_name\" content=\"Le petit GAMER\" \/>\n<meta property=\"article:modified_time\" content=\"2022-07-31T11:54:58+00:00\" \/>\n<meta property=\"og:image\" content=\"http:\/\/lepetitgamer.fr\/wp-content\/uploads\/2022\/07\/image.png\" \/>\n<meta name=\"twitter:card\" content=\"summary_large_image\" \/>\n<meta name=\"twitter:label1\" content=\"Est. reading time\" \/>\n\t<meta name=\"twitter:data1\" content=\"1 minute\" \/>\n<script type=\"application\/ld+json\" class=\"yoast-schema-graph\">{\"@context\":\"https:\/\/schema.org\",\"@graph\":[{\"@type\":\"WebPage\",\"@id\":\"http:\/\/lepetitgamer.fr\/\",\"url\":\"http:\/\/lepetitgamer.fr\/\",\"name\":\"LE PETIT GAMER - Le petit GAMER\",\"isPartOf\":{\"@id\":\"http:\/\/lepetitgamer.fr\/#website\"},\"datePublished\":\"2022-06-23T15:34:17+00:00\",\"dateModified\":\"2022-07-31T11:54:58+00:00\",\"breadcrumb\":{\"@id\":\"http:\/\/lepetitgamer.fr\/#breadcrumb\"},\"inLanguage\":\"en-US\",\"potentialAction\":[{\"@type\":\"ReadAction\",\"target\":[\"http:\/\/lepetitgamer.fr\/\"]}]},{\"@type\":\"BreadcrumbList\",\"@id\":\"http:\/\/lepetitgamer.fr\/#breadcrumb\",\"itemListElement\":[{\"@type\":\"ListItem\",\"position\":1,\"name\":\"Accueil\",\"item\":\"http:\/\/lepetitgamer.fr\/\"},{\"@type\":\"ListItem\",\"position\":2,\"name\":\"LE PETIT GAMER\"}]},{\"@type\":\"WebSite\",\"@id\":\"http:\/\/lepetitgamer.fr\/#website\",\"url\":\"http:\/\/lepetitgamer.fr\/\",\"name\":\"Le petit GAMER\",\"description\":\"Petit gamer mais grand glitcher\",\"potentialAction\":[{\"@type\":\"SearchAction\",\"target\":{\"@type\":\"EntryPoint\",\"urlTemplate\":\"http:\/\/lepetitgamer.fr\/?s={search_term_string}\"},\"query-input\":\"required name=search_term_string\"}],\"inLanguage\":\"en-US\"}]}<\/script>\n<!-- \/ Yoast SEO plugin. -->","yoast_head_json":{"title":"LE PETIT GAMER - Le petit GAMER","robots":{"index":"index","follow":"follow","max-snippet":"max-snippet:-1","max-image-preview":"max-image-preview:large","max-video-preview":"max-video-preview:-1"},"canonical":"http:\/\/lepetitgamer.fr\/","og_locale":"en_US","og_type":"article","og_title":"LE PETIT GAMER - Le petit GAMER","og_description":"LE PETIT GAMER LE PETIT GAMER Tous les actu, glitch de mes jeux pr\u00e9f\u00e9r\u00e9s : Zelda breath of the Wild Fortnite","og_url":"http:\/\/lepetitgamer.fr\/","og_site_name":"Le petit GAMER","article_modified_time":"2022-07-31T11:54:58+00:00","og_image":[{"url":"http:\/\/lepetitgamer.fr\/wp-content\/uploads\/2022\/07\/image.png"}],"twitter_card":"summary_large_image","twitter_misc":{"Est. reading time":"1 minute"},"schema":{"@context":"https:\/\/schema.org","@graph":[{"@type":"WebPage","@id":"http:\/\/lepetitgamer.fr\/","url":"http:\/\/lepetitgamer.fr\/","name":"LE PETIT GAMER - Le petit GAMER","isPartOf":{"@id":"http:\/\/lepetitgamer.fr\/#website"},"datePublished":"2022-06-23T15:34:17+00:00","dateModified":"2022-07-31T11:54:58+00:00","breadcrumb":{"@id":"http:\/\/lepetitgamer.fr\/#breadcrumb"},"inLanguage":"en-US","potentialAction":[{"@type":"ReadAction","target":["http:\/\/lepetitgamer.fr\/"]}]},{"@type":"BreadcrumbList","@id":"http:\/\/lepetitgamer.fr\/#breadcrumb","itemListElement":[{"@type":"ListItem","position":1,"name":"Accueil","item":"http:\/\/lepetitgamer.fr\/"},{"@type":"ListItem","position":2,"name":"LE PETIT GAMER"}]},{"@type":"WebSite","@id":"http:\/\/lepetitgamer.fr\/#website","url":"http:\/\/lepetitgamer.fr\/","name":"Le petit GAMER","description":"Petit gamer mais grand glitcher","potentialAction":[{"@type":"SearchAction","target":{"@type":"EntryPoint","urlTemplate":"http:\/\/lepetitgamer.fr\/?s={search_term_string}"},"query-input":"required name=search_term_string"}],"inLanguage":"en-US"}]}},"_links":{"self":[{"href":"https:\/\/lepetitgamer.fr\/index.php\/wp-json\/wp\/v2\/pages\/5","targetHints":{"allow":["GET"]}}],"collection":[{"href":"https:\/\/lepetitgamer.fr\/index.php\/wp-json\/wp\/v2\/pages"}],"about":[{"href":"https:\/\/lepetitgamer.fr\/index.php\/wp-json\/wp\/v2\/types\/page"}],"author":[{"embeddable":true,"href":"https:\/\/lepetitgamer.fr\/index.php\/wp-json\/wp\/v2\/users\/1"}],"replies":[{"embeddable":true,"href":"https:\/\/lepetitgamer.fr\/index.php\/wp-json\/wp\/v2\/comments?post=5"}],"version-history":[{"count":4,"href":"https:\/\/lepetitgamer.fr\/index.php\/wp-json\/wp\/v2\/pages\/5\/revisions"}],"predecessor-version":[{"id":64,"href":"https:\/\/lepetitgamer.fr\/index.php\/wp-json\/wp\/v2\/pages\/5\/revisions\/64"}],"wp:attachment":[{"href":"https:\/\/lepetitgamer.fr\/index.php\/wp-json\/wp\/v2\/media?parent=5"}],"curies":[{"name":"wp","href":"https:\/\/api.w.org\/{rel}","templated":true}]}}