{"id":31,"date":"2022-07-01T08:10:21","date_gmt":"2022-07-01T06:10:21","guid":{"rendered":"http:\/\/lepetitgamer.fr\/?page_id=31"},"modified":"2022-07-31T22:53:49","modified_gmt":"2022-07-31T20:53:49","slug":"glitch-zelda","status":"publish","type":"page","link":"https:\/\/lepetitgamer.fr\/index.php\/glitch-zelda\/","title":{"rendered":"Glitch Zelda Breath of the wild"},"content":{"rendered":"\n<p>Dans le jeu Zelda Breath of the wild il y a beaucoup de glitch utilis\u00e9s dans les speedrun pour faciliter la tache des joueurs pro. <\/p>\n\n\n\n<p>Je vais vous pr\u00e9senter les glitch les plus utilis\u00e9s. <\/p>\n\n\n\n<figure class=\"wp-block-embed is-type-video is-provider-youtube wp-block-embed-youtube wp-embed-aspect-16-9 wp-has-aspect-ratio\"><div class=\"wp-block-embed__wrapper\">\n<iframe loading=\"lazy\" title=\"Guide complet du Wind Bomb (Zelda: Breath of the Wild)\" width=\"750\" height=\"422\" src=\"https:\/\/www.youtube.com\/embed\/nhE8Ll7nePY?start=69&#038;feature=oembed\" frameborder=\"0\" allow=\"accelerometer; autoplay; clipboard-write; encrypted-media; gyroscope; picture-in-picture\" allowfullscreen><\/iframe>\n<\/div><figcaption>Voici un des glitch appel\u00e9 le Wind bomb <\/figcaption><\/figure>\n\n\n\n<h2 class=\"wp-block-heading\">Glitch Zelda Wind bomb<\/h2>\n\n\n\n<h3 class=\"wp-block-heading\">Le wind bomb qu&#8217;est ce que c&#8217;est ?<\/h3>\n\n\n\n<p>Le glitch Zelda wind bomb est tr\u00e8s utile pour se d\u00e9placer rapidement dans Zelda.<\/p>\n\n\n\n<h3 class=\"wp-block-heading\">Comment on fait \u00e7a ?<\/h3>\n\n\n\n<figure class=\"wp-block-image size-large\"><img loading=\"lazy\" decoding=\"async\" width=\"1024\" height=\"576\" src=\"http:\/\/lepetitgamer.fr\/wp-content\/uploads\/2022\/07\/Zelda-Breath-of-the-Wild-BIL-3-IGN-1024x576.webp\" alt=\"\" class=\"wp-image-44\" srcset=\"https:\/\/lepetitgamer.fr\/wp-content\/uploads\/2022\/07\/Zelda-Breath-of-the-Wild-BIL-3-IGN-1024x576.webp 1024w, https:\/\/lepetitgamer.fr\/wp-content\/uploads\/2022\/07\/Zelda-Breath-of-the-Wild-BIL-3-IGN-300x169.webp 300w, https:\/\/lepetitgamer.fr\/wp-content\/uploads\/2022\/07\/Zelda-Breath-of-the-Wild-BIL-3-IGN-768x432.webp 768w, https:\/\/lepetitgamer.fr\/wp-content\/uploads\/2022\/07\/Zelda-Breath-of-the-Wild-BIL-3-IGN.webp 1280w\" sizes=\"auto, (max-width: 1024px) 100vw, 1024px\" \/><\/figure>\n\n\n\n<p>Le glitch wind bomb consiste \u00e0: <\/p>\n\n\n\n<ul class=\"wp-block-list\"><li>placer une bombe ronde en sautant face au vide<\/li><li> Activer le mode ralenti <\/li><li>Puis placer une autre bombe carr\u00e9 devant la premi\u00e8re<\/li><li>Puis on explose la ronde pour partir dans le ciel<\/li><\/ul>\n\n\n\n<p> Pour optimiser les chances de r\u00e9ussite, sortez le bouclier avant de sauter.<\/p>\n\n\n\n<p>Pour savoir si nous sommes bien plac\u00e9, nous avons le temps (avec le mode ralenti) de positionner la cam\u00e9ra de profil pour voir si tout est bien align\u00e9.<\/p>\n\n\n\n<h3 class=\"wp-block-heading\">Glitch zelda win bomb O\u00f9 peut on le faire ?<\/h3>\n\n\n\n<p>En l&#8217;air (il faut \u00eatre en vitesse de croisi\u00e8re)<\/p>\n\n\n\n<p>Depuis point sur\u00e9lev\u00e9 (assez haut pour activer le mode ralenti)<\/p>\n\n\n\n<p>Depuis un point o\u00f9 vous \u00eates en position de rappel<\/p>\n\n\n\n<p>Voici un autre lien explicatif : <a href=\"https:\/\/aminoapps.com\/c\/zeldabreatho102\/page\/item\/le-wind-bomb\/B8P3_WjHmI5D5270nb8YY72r8g1LEYloG3\">https:\/\/aminoapps.com\/c\/zeldabreatho102\/page\/item\/le-wind-bomb\/B8P3_WjHmI5D5270nb8YY72r8g1LEYloG3<\/a><\/p>\n\n\n\n<p>ce site est sp\u00e9cialis\u00e9 dans ce glitch<\/p>\n\n\n\n<h2 class=\"wp-block-heading\">Glitch Zelda Bullet-time Bounce (BTB)<\/h2>\n\n\n\n<figure class=\"wp-block-embed is-type-video is-provider-youtube wp-block-embed-youtube wp-embed-aspect-16-9 wp-has-aspect-ratio\"><div class=\"wp-block-embed__wrapper\">\n<iframe loading=\"lazy\" title=\"Voler \u00e0 la vitesse de l&#039;\u00e9clair - Bullet Time Bounce (Zelda: Breath of the Wild)\" width=\"750\" height=\"422\" src=\"https:\/\/www.youtube.com\/embed\/_UbvizwrRMc?start=4&#038;feature=oembed\" frameborder=\"0\" allow=\"accelerometer; autoplay; clipboard-write; encrypted-media; gyroscope; picture-in-picture\" allowfullscreen><\/iframe>\n<\/div><figcaption>ce glitch se nomme le Bullet-time Bounce (BTB)<\/figcaption><\/figure>\n\n\n\n<h3 class=\"wp-block-heading\">il faut quoi pour le faire ce fameux glitch BTB<\/h3>\n\n\n\n<p>Un monstre, parmi la liste suivante : Bokoblins, Moblins , L\u00e9zalfos (sans camouflage) et Sorciers.<\/p>\n\n\n\n<p>un arc, des fl\u00e8ches, un bouclier, un objet faisant de la glace  <\/p>\n\n\n\n<p>Un lieu un peu en hauteur, d&#8217;o\u00f9 on peut surplomber un monstre <\/p>\n\n\n\n<p>Un bouclier r\u00e9sistant  <\/p>\n\n\n\n<p>De la patience <\/p>\n\n\n\n<h3 class=\"wp-block-heading\">On se pr\u00e9pare !!<\/h3>\n\n\n\n<p>1. localisez le monstre dont vous avez besoin. Isolez le et placez vous au niveau d un endroit sur\u00e9lev\u00e9 <\/p>\n\n\n\n<p>2. Ciblez l ennemi avec ZL, puis sautez et appuyez sur A pour commencer l&#8217;animation du shield surf.<\/p>\n\n\n\n<p>Important : Si l&#8217;ennemi n&#8217;est pas un Bokoblin rouge, vous devez geler le monstre avant de faire le glitch<\/p>\n\n\n\n<p>3. Au moment o\u00f9 vous \u00eates au dessus du monstre, sortez votre arc pour d\u00e9clencher le mode ralenti <\/p>\n\n\n\n<p>4. Apr\u00e8s que votre bouclier ait touch\u00e9 le monstre, appuyez sur B pour d\u00e9sactiver l&#8217;arc et le mode ralenti<\/p>\n\n\n\n<p>5. Vous allez alors \u00eatre projet\u00e9 tr\u00e8s loin, ou tr\u00e8s haut, \u00e7a d\u00e9pend de l\u00e0 o\u00f9 vous avez vis\u00e9, a une vitesse hallucinante. Avec l&#8217;entra\u00eenement, il est possible de viser avec pr\u00e9cision un endroit <\/p>\n\n\n\n<p><\/p>\n","protected":false},"excerpt":{"rendered":"<p>Dans le jeu Zelda Breath of the wild il y a beaucoup de glitch utilis\u00e9s dans les speedrun pour faciliter la tache des joueurs pro. Je vais vous pr\u00e9senter les glitch les plus utilis\u00e9s. Glitch Zelda Wind bomb Le wind bomb qu&#8217;est ce que c&#8217;est ? Le glitch Zelda wind bomb est tr\u00e8s utile pour&hellip; <a class=\"more-link\" href=\"https:\/\/lepetitgamer.fr\/index.php\/glitch-zelda\/\">Continue reading <span class=\"screen-reader-text\">Glitch Zelda Breath of the wild<\/span><\/a><\/p>\n","protected":false},"author":1,"featured_media":0,"parent":0,"menu_order":0,"comment_status":"closed","ping_status":"closed","template":"","meta":{"footnotes":""},"class_list":["post-31","page","type-page","status-publish","hentry","entry"],"yoast_head":"<!-- This site is optimized with the Yoast SEO plugin v20.4 - https:\/\/yoast.com\/wordpress\/plugins\/seo\/ -->\n<title>Glitch Zelda Breath of the wild - Le petit GAMER<\/title>\n<meta name=\"description\" content=\"Glitch Zelda Breath of the wild : Les meilleurs glitch expliqu\u00e9s pour booster ses performances (glitch wind bomb, BTB, shield clip...\" \/>\n<meta name=\"robots\" content=\"index, follow, max-snippet:-1, max-image-preview:large, max-video-preview:-1\" \/>\n<link rel=\"canonical\" href=\"http:\/\/lepetitgamer.fr\/index.php\/glitch-zelda\/\" \/>\n<meta property=\"og:locale\" content=\"en_US\" \/>\n<meta property=\"og:type\" content=\"article\" \/>\n<meta property=\"og:title\" content=\"Glitch Zelda Breath of the wild\" \/>\n<meta property=\"og:description\" content=\"Glitch Zelda Breath of the wild : Les meilleurs glitch expliqu\u00e9s pour booster ses performances (glitch wind bomb, BTB, shield clip...\" \/>\n<meta property=\"og:url\" content=\"http:\/\/lepetitgamer.fr\/index.php\/glitch-zelda\/\" \/>\n<meta property=\"og:site_name\" content=\"Le petit GAMER\" \/>\n<meta property=\"article:modified_time\" content=\"2022-07-31T20:53:49+00:00\" \/>\n<meta property=\"og:image\" content=\"http:\/\/lepetitgamer.fr\/wp-content\/uploads\/2022\/07\/Zelda-Breath-of-the-Wild-BIL-3-IGN-1024x576.webp\" \/>\n<meta name=\"twitter:card\" content=\"summary_large_image\" \/>\n<meta name=\"twitter:label1\" content=\"Est. reading time\" \/>\n\t<meta name=\"twitter:data1\" content=\"3 minutes\" \/>\n<script type=\"application\/ld+json\" class=\"yoast-schema-graph\">{\"@context\":\"https:\/\/schema.org\",\"@graph\":[{\"@type\":\"WebPage\",\"@id\":\"http:\/\/lepetitgamer.fr\/index.php\/glitch-zelda\/\",\"url\":\"http:\/\/lepetitgamer.fr\/index.php\/glitch-zelda\/\",\"name\":\"Glitch Zelda Breath of the wild - Le petit GAMER\",\"isPartOf\":{\"@id\":\"http:\/\/lepetitgamer.fr\/#website\"},\"datePublished\":\"2022-07-01T06:10:21+00:00\",\"dateModified\":\"2022-07-31T20:53:49+00:00\",\"description\":\"Glitch Zelda Breath of the wild : Les meilleurs glitch expliqu\u00e9s pour booster ses performances (glitch wind bomb, BTB, shield clip...\",\"breadcrumb\":{\"@id\":\"http:\/\/lepetitgamer.fr\/index.php\/glitch-zelda\/#breadcrumb\"},\"inLanguage\":\"en-US\",\"potentialAction\":[{\"@type\":\"ReadAction\",\"target\":[\"http:\/\/lepetitgamer.fr\/index.php\/glitch-zelda\/\"]}]},{\"@type\":\"BreadcrumbList\",\"@id\":\"http:\/\/lepetitgamer.fr\/index.php\/glitch-zelda\/#breadcrumb\",\"itemListElement\":[{\"@type\":\"ListItem\",\"position\":1,\"name\":\"Accueil\",\"item\":\"http:\/\/lepetitgamer.fr\/\"},{\"@type\":\"ListItem\",\"position\":2,\"name\":\"Glitch Zelda Breath of the wild\"}]},{\"@type\":\"WebSite\",\"@id\":\"http:\/\/lepetitgamer.fr\/#website\",\"url\":\"http:\/\/lepetitgamer.fr\/\",\"name\":\"Le petit GAMER\",\"description\":\"Petit gamer mais grand glitcher\",\"potentialAction\":[{\"@type\":\"SearchAction\",\"target\":{\"@type\":\"EntryPoint\",\"urlTemplate\":\"http:\/\/lepetitgamer.fr\/?s={search_term_string}\"},\"query-input\":\"required name=search_term_string\"}],\"inLanguage\":\"en-US\"}]}<\/script>\n<!-- \/ Yoast SEO plugin. -->","yoast_head_json":{"title":"Glitch Zelda Breath of the wild - Le petit GAMER","description":"Glitch Zelda Breath of the wild : Les meilleurs glitch expliqu\u00e9s pour booster ses performances (glitch wind bomb, BTB, shield clip...","robots":{"index":"index","follow":"follow","max-snippet":"max-snippet:-1","max-image-preview":"max-image-preview:large","max-video-preview":"max-video-preview:-1"},"canonical":"http:\/\/lepetitgamer.fr\/index.php\/glitch-zelda\/","og_locale":"en_US","og_type":"article","og_title":"Glitch Zelda Breath of the wild","og_description":"Glitch Zelda Breath of the wild : Les meilleurs glitch expliqu\u00e9s pour booster ses performances (glitch wind bomb, BTB, shield clip...","og_url":"http:\/\/lepetitgamer.fr\/index.php\/glitch-zelda\/","og_site_name":"Le petit GAMER","article_modified_time":"2022-07-31T20:53:49+00:00","og_image":[{"url":"http:\/\/lepetitgamer.fr\/wp-content\/uploads\/2022\/07\/Zelda-Breath-of-the-Wild-BIL-3-IGN-1024x576.webp"}],"twitter_card":"summary_large_image","twitter_misc":{"Est. reading time":"3 minutes"},"schema":{"@context":"https:\/\/schema.org","@graph":[{"@type":"WebPage","@id":"http:\/\/lepetitgamer.fr\/index.php\/glitch-zelda\/","url":"http:\/\/lepetitgamer.fr\/index.php\/glitch-zelda\/","name":"Glitch Zelda Breath of the wild - Le petit GAMER","isPartOf":{"@id":"http:\/\/lepetitgamer.fr\/#website"},"datePublished":"2022-07-01T06:10:21+00:00","dateModified":"2022-07-31T20:53:49+00:00","description":"Glitch Zelda Breath of the wild : Les meilleurs glitch expliqu\u00e9s pour booster ses performances (glitch wind bomb, BTB, shield clip...","breadcrumb":{"@id":"http:\/\/lepetitgamer.fr\/index.php\/glitch-zelda\/#breadcrumb"},"inLanguage":"en-US","potentialAction":[{"@type":"ReadAction","target":["http:\/\/lepetitgamer.fr\/index.php\/glitch-zelda\/"]}]},{"@type":"BreadcrumbList","@id":"http:\/\/lepetitgamer.fr\/index.php\/glitch-zelda\/#breadcrumb","itemListElement":[{"@type":"ListItem","position":1,"name":"Accueil","item":"http:\/\/lepetitgamer.fr\/"},{"@type":"ListItem","position":2,"name":"Glitch Zelda Breath of the wild"}]},{"@type":"WebSite","@id":"http:\/\/lepetitgamer.fr\/#website","url":"http:\/\/lepetitgamer.fr\/","name":"Le petit GAMER","description":"Petit gamer mais grand glitcher","potentialAction":[{"@type":"SearchAction","target":{"@type":"EntryPoint","urlTemplate":"http:\/\/lepetitgamer.fr\/?s={search_term_string}"},"query-input":"required name=search_term_string"}],"inLanguage":"en-US"}]}},"_links":{"self":[{"href":"https:\/\/lepetitgamer.fr\/index.php\/wp-json\/wp\/v2\/pages\/31","targetHints":{"allow":["GET"]}}],"collection":[{"href":"https:\/\/lepetitgamer.fr\/index.php\/wp-json\/wp\/v2\/pages"}],"about":[{"href":"https:\/\/lepetitgamer.fr\/index.php\/wp-json\/wp\/v2\/types\/page"}],"author":[{"embeddable":true,"href":"https:\/\/lepetitgamer.fr\/index.php\/wp-json\/wp\/v2\/users\/1"}],"replies":[{"embeddable":true,"href":"https:\/\/lepetitgamer.fr\/index.php\/wp-json\/wp\/v2\/comments?post=31"}],"version-history":[{"count":9,"href":"https:\/\/lepetitgamer.fr\/index.php\/wp-json\/wp\/v2\/pages\/31\/revisions"}],"predecessor-version":[{"id":69,"href":"https:\/\/lepetitgamer.fr\/index.php\/wp-json\/wp\/v2\/pages\/31\/revisions\/69"}],"wp:attachment":[{"href":"https:\/\/lepetitgamer.fr\/index.php\/wp-json\/wp\/v2\/media?parent=31"}],"curies":[{"name":"wp","href":"https:\/\/api.w.org\/{rel}","templated":true}]}}